{"id":79,"date":"2018-10-08T08:54:19","date_gmt":"2018-10-08T06:54:19","guid":{"rendered":"http:\/\/new.karmar.com.pl\/?page_id=79"},"modified":"2026-03-10T08:56:00","modified_gmt":"2026-03-10T07:56:00","slug":"dostawcy","status":"publish","type":"page","link":"https:\/\/karmar.com.pl\/?page_id=79","title":{"rendered":"Dostawcy"},"content":{"rendered":"<h3>Witamy wszystkich dostawc\u00f3w.<\/h3>\n<p>B\u0119d\u0105c Generalnym Wykonawc\u0105 od ponad 20 lat KARMAR S.A. wsp\u00f3\u0142pracuje z firmami z ca\u0142ego sektora budowlanego. Dotyczy to dostawc\u00f3w i podwykonawc\u00f3w dzia\u0142aj\u0105cych we wszystkich rodzajach budownictwa &#8211; od obiekt\u00f3w kubaturowych po projekty przemys\u0142owe i infrastrukturalne. Dzia\u0142amy w oparciu o <a href=\"https:\/\/karmar.com.pl\/?page_id=21\">warto\u015bci wsp\u00f3lne dla ca\u0142ej Grupy Bouygues<\/a>, dbaj\u0105c by wsp\u00f3\u0142praca z naszymi kontrahentami oparta by\u0142a na partnerskich relacjach. Naszym celem jest zapewnienie jak najwy\u017cszych standard\u00f3w bezpiecze\u0144stwa, jako\u015bci i zarz\u0105dzania \u015brodowiskowego.<\/p>\n<p>Firmy zainteresowane nawi\u0105zaniem wsp\u00f3\u0142pracy zapraszamy do kontaktu na <a href=\"mailto:zakupy@karmar.com.pl\">zakupy@karmar.com.pl<\/a> lub telefon 22 321 44 00. <\/p>\n<p>Dodatkowo poni\u017cej umie\u015bcili\u015bmy wzory um\u00f3w dotycz\u0105cych og\u00f3lnych warunk\u00f3w wsp\u00f3\u0142pracy z KARMAR S.A. S\u0105 one zgodne z naszymi procedurami okre\u015blonymi w Zintegrowanym Systemie Zarz\u0105dzania.<\/p>\n<p><a href=\"http:\/\/new.karmar.com.pl\/content\/uploads\/2018\/11\/OW-ZAKUPU.pdf\" target=\"_blank\" rel=\"noopener\">og\u00f3lne warunku zakupu<\/a><\/p>\n<p><a href=\"http:\/\/new.karmar.com.pl\/content\/uploads\/2018\/11\/OW-WYNAJMU.pdf\" target=\"_blank\" rel=\"noopener\">og\u00f3lne warunki wynajmu<\/a><\/p>\n","protected":false},"excerpt":{"rendered":"<p>Witamy wszystkich dostawc\u00f3w. B\u0119d\u0105c Generalnym Wykonawc\u0105 od ponad 20 lat KARMAR S.A. wsp\u00f3\u0142pracuje z firmami z ca\u0142ego sektora budowlanego. Dotyczy to dostawc\u00f3w i podwykonawc\u00f3w dzia\u0142aj\u0105cych we wszystkich rodzajach budownictwa &#8211; od obiekt\u00f3w kubaturowych po projekty przemys\u0142owe i infrastrukturalne. Dzia\u0142amy w oparciu o warto\u015bci wsp\u00f3lne dla ca\u0142ej Grupy Bouygues, dbaj\u0105c by wsp\u00f3\u0142praca z naszymi kontrahentami oparta [&hellip;]<\/p>\n","protected":false},"author":5,"featured_media":149,"parent":0,"menu_order":5,"comment_status":"closed","ping_status":"closed","template":"","meta":[],"class_list":["post-79","page","type-page","status-publish","has-post-thumbnail","hentry"],"_links":{"self":[{"href":"https:\/\/karmar.com.pl\/index.php?rest_route=\/wp\/v2\/pages\/79","targetHints":{"allow":["GET"]}}],"collection":[{"href":"https:\/\/karmar.com.pl\/index.php?rest_route=\/wp\/v2\/pages"}],"about":[{"href":"https:\/\/karmar.com.pl\/index.php?rest_route=\/wp\/v2\/types\/page"}],"author":[{"embeddable":true,"href":"https:\/\/karmar.com.pl\/index.php?rest_route=\/wp\/v2\/users\/5"}],"replies":[{"embeddable":true,"href":"https:\/\/karmar.com.pl\/index.php?rest_route=%2Fwp%2Fv2%2Fcomments&post=79"}],"version-history":[{"count":8,"href":"https:\/\/karmar.com.pl\/index.php?rest_route=\/wp\/v2\/pages\/79\/revisions"}],"predecessor-version":[{"id":1345,"href":"https:\/\/karmar.com.pl\/index.php?rest_route=\/wp\/v2\/pages\/79\/revisions\/1345"}],"wp:featuredmedia":[{"embeddable":true,"href":"https:\/\/karmar.com.pl\/index.php?rest_route=\/wp\/v2\/media\/149"}],"wp:attachment":[{"href":"https:\/\/karmar.com.pl\/index.php?rest_route=%2Fwp%2Fv2%2Fmedia&parent=79"}],"curies":[{"name":"wp","href":"https:\/\/api.w.org\/{rel}","templated":true}]}}