{"id":21,"date":"2018-10-04T07:23:45","date_gmt":"2018-10-04T05:23:45","guid":{"rendered":"http:\/\/new.karmar.com.pl\/?page_id=21"},"modified":"2023-07-31T16:59:16","modified_gmt":"2023-07-31T14:59:16","slug":"wartosci","status":"publish","type":"page","link":"https:\/\/karmar.com.pl\/?page_id=21","title":{"rendered":"Warto\u015bci"},"content":{"rendered":"<h1>Warto\u015bci:<\/h1>\n<h3>PROSTOTA ROZWI\u0104ZA\u0143<\/h3>\n<h3>ZAUFANIE<\/h3>\n<h3>PRACA ZESPO\u0141OWA<\/h3>\n<h3>PRZEDSI\u0118BIORCZO\u015a\u0106<\/h3>\n<p>Bezpo\u015brednia i \u0142atwa interakcja, wsp\u00f3\u0142praca oparta na wzajemnym zaufaniu. To Warto\u015bci, kt\u00f3re jednocz\u0105 wszystkich pracownik\u00f3w i inspiruj\u0105 kultur\u0119 organizacyjn\u0105. <strong>To nasz spos\u00f3b pracy.<\/strong><\/p>\n<p>&nbsp;<\/p>\n<h2>Kodeks etyczny<\/h2>\n<p><a href=\"https:\/\/karmar.com.pl\/..\/content\/uploads\/2023\/06\/Kodeks-Etyczny-2022.pdf\">Poznaj nasz Kodeks Etyczny 2022<\/a><\/p>\n","protected":false},"excerpt":{"rendered":"<p>Warto\u015bci: PROSTOTA ROZWI\u0104ZA\u0143 ZAUFANIE PRACA ZESPO\u0141OWA PRZEDSI\u0118BIORCZO\u015a\u0106 Bezpo\u015brednia i \u0142atwa interakcja, wsp\u00f3\u0142praca oparta na wzajemnym zaufaniu. To Warto\u015bci, kt\u00f3re jednocz\u0105 wszystkich pracownik\u00f3w i inspiruj\u0105 kultur\u0119 organizacyjn\u0105. To nasz spos\u00f3b pracy. &nbsp; Kodeks etyczny Poznaj nasz Kodeks Etyczny 2022<\/p>\n","protected":false},"author":5,"featured_media":423,"parent":7,"menu_order":3,"comment_status":"closed","ping_status":"closed","template":"","meta":[],"class_list":["post-21","page","type-page","status-publish","has-post-thumbnail","hentry"],"_links":{"self":[{"href":"https:\/\/karmar.com.pl\/index.php?rest_route=\/wp\/v2\/pages\/21","targetHints":{"allow":["GET"]}}],"collection":[{"href":"https:\/\/karmar.com.pl\/index.php?rest_route=\/wp\/v2\/pages"}],"about":[{"href":"https:\/\/karmar.com.pl\/index.php?rest_route=\/wp\/v2\/types\/page"}],"author":[{"embeddable":true,"href":"https:\/\/karmar.com.pl\/index.php?rest_route=\/wp\/v2\/users\/5"}],"replies":[{"embeddable":true,"href":"https:\/\/karmar.com.pl\/index.php?rest_route=%2Fwp%2Fv2%2Fcomments&post=21"}],"version-history":[{"count":9,"href":"https:\/\/karmar.com.pl\/index.php?rest_route=\/wp\/v2\/pages\/21\/revisions"}],"predecessor-version":[{"id":1210,"href":"https:\/\/karmar.com.pl\/index.php?rest_route=\/wp\/v2\/pages\/21\/revisions\/1210"}],"up":[{"embeddable":true,"href":"https:\/\/karmar.com.pl\/index.php?rest_route=\/wp\/v2\/pages\/7"}],"wp:featuredmedia":[{"embeddable":true,"href":"https:\/\/karmar.com.pl\/index.php?rest_route=\/wp\/v2\/media\/423"}],"wp:attachment":[{"href":"https:\/\/karmar.com.pl\/index.php?rest_route=%2Fwp%2Fv2%2Fmedia&parent=21"}],"curies":[{"name":"wp","href":"https:\/\/api.w.org\/{rel}","templated":true}]}}