{"id":2,"date":"2018-10-04T06:20:14","date_gmt":"2018-10-04T04:20:14","guid":{"rendered":"http:\/\/new.karmar.com.pl\/wp\/?page_id=2"},"modified":"2026-03-10T11:41:35","modified_gmt":"2026-03-10T10:41:35","slug":"przykladowa-strona","status":"publish","type":"page","link":"https:\/\/karmar.com.pl\/","title":{"rendered":"Strona g\u0142\u00f3wna"},"content":{"rendered":"<h3><strong>POTRAFIMY ZAPROJEKTOWA\u0106 I ZBUDOWA\u0106 NOWOCZESNE MIASTO Z KOMPLETN\u0104 INFRASTRUKTUR\u0104<\/strong><\/h3>\n<p>Za\u0142o\u017cony w 1991 roku w Warszawie KARMAR od ponad dekady dzia\u0142a w ramach mi\u0119dzynarodowej grupy Bouygues Construction z powodzeniem realizuj\u0105c obiekty kubaturowe, infrastrukturalne oraz przemys\u0142owe na terenie ca\u0142ej Polski.<\/p>\n<p>Jako cz\u0142onek Bouygues Construction, dzia\u0142aj\u0105c w europejskich strukturach mi\u0119dzynarodowej korporacji, dysponujemy specjalistyczn\u0105 wiedz\u0105 i mamy dost\u0119p do najnowszych rozwi\u0105za\u0144 technologicznych popartych bogatym do\u015bwiadczeniem grupy, na kt\u00f3re sk\u0142adaj\u0105 si\u0119 setki imponuj\u0105cych projekt\u00f3w zrealizowanych na ca\u0142ym \u015bwiecie.<\/p>\n<p>Dzi\u0119ki rozbudowanemu know-how stale podnosimy jako\u015b\u0107 oferowanych przez nas us\u0142ug klientom z sektor\u00f3w publicznego i prywatnego, a tak\u017ce dostarczamy globalne us\u0142ugi najwy\u017cszej jako\u015bci w lokalnej cenie. B\u0119d\u0105c firm\u0105 z polskimi korzeniami bazujemy na wsp\u00f3\u0142pracy z lokalnymi dostawcami i podwykonawcami.<\/p>\n","protected":false},"excerpt":{"rendered":"<p>POTRAFIMY ZAPROJEKTOWA\u0106 I ZBUDOWA\u0106 NOWOCZESNE MIASTO Z KOMPLETN\u0104 INFRASTRUKTUR\u0104 Za\u0142o\u017cony w 1991 roku w Warszawie KARMAR od ponad dekady dzia\u0142a w ramach mi\u0119dzynarodowej grupy Bouygues Construction z powodzeniem realizuj\u0105c obiekty kubaturowe, infrastrukturalne oraz przemys\u0142owe na terenie ca\u0142ej Polski. Jako cz\u0142onek Bouygues Construction, dzia\u0142aj\u0105c w europejskich strukturach mi\u0119dzynarodowej korporacji, dysponujemy specjalistyczn\u0105 wiedz\u0105 i mamy dost\u0119p do [&hellip;]<\/p>\n","protected":false},"author":5,"featured_media":453,"parent":0,"menu_order":1,"comment_status":"closed","ping_status":"open","template":"","meta":[],"class_list":["post-2","page","type-page","status-publish","has-post-thumbnail","hentry"],"_links":{"self":[{"href":"https:\/\/karmar.com.pl\/index.php?rest_route=\/wp\/v2\/pages\/2","targetHints":{"allow":["GET"]}}],"collection":[{"href":"https:\/\/karmar.com.pl\/index.php?rest_route=\/wp\/v2\/pages"}],"about":[{"href":"https:\/\/karmar.com.pl\/index.php?rest_route=\/wp\/v2\/types\/page"}],"author":[{"embeddable":true,"href":"https:\/\/karmar.com.pl\/index.php?rest_route=\/wp\/v2\/users\/5"}],"replies":[{"embeddable":true,"href":"https:\/\/karmar.com.pl\/index.php?rest_route=%2Fwp%2Fv2%2Fcomments&post=2"}],"version-history":[{"count":7,"href":"https:\/\/karmar.com.pl\/index.php?rest_route=\/wp\/v2\/pages\/2\/revisions"}],"predecessor-version":[{"id":1348,"href":"https:\/\/karmar.com.pl\/index.php?rest_route=\/wp\/v2\/pages\/2\/revisions\/1348"}],"wp:featuredmedia":[{"embeddable":true,"href":"https:\/\/karmar.com.pl\/index.php?rest_route=\/wp\/v2\/media\/453"}],"wp:attachment":[{"href":"https:\/\/karmar.com.pl\/index.php?rest_route=%2Fwp%2Fv2%2Fmedia&parent=2"}],"curies":[{"name":"wp","href":"https:\/\/api.w.org\/{rel}","templated":true}]}}