{"id":13,"date":"2018-10-04T07:22:23","date_gmt":"2018-10-04T05:22:23","guid":{"rendered":"http:\/\/new.karmar.com.pl\/?page_id=13"},"modified":"2023-09-12T11:06:51","modified_gmt":"2023-09-12T09:06:51","slug":"kariera","status":"publish","type":"page","link":"https:\/\/karmar.com.pl\/?page_id=13","title":{"rendered":"Kariera"},"content":{"rendered":"<h2>PRACA W DYNAMICZNIE ROZWIJAJ\u0104CEJ SI\u0118 FIRMIE,<br \/>\nPE\u0141NEJ CIEKAWYCH WYZWA\u0143 I LUDZI Z PASJ\u0104<\/h2>\n<p><strong>Wybieraj\u0105c KARMAR S.A. do\u0142\u0105czysz do grona profesjonalist\u00f3w.<\/strong><\/p>\n<h4 class=\"PFHandbookPro24 PFHandbookPro white\">Proces rekrutacji:<\/h4>\n<ol>\n<li><strong>Przes\u0142anie CV. <\/strong>Kandydat wysy\u0142a do nas CV za pomoc\u0105 formularza aplikacyjnego. Nale\u017cy pami\u0119ta\u0107 o zaznaczeniu zgody na przetwarzanie danych osobowych w aktualnym oraz przysz\u0142ych procesach rekrutacyjnych.<\/li>\n<li><strong>Analiza i selekcja aplikacji.<\/strong> Wybieramy te najbardziej dopasowane do wymaga\u0144 proponowanego stanowiska.<\/li>\n<li>Pierwszy kontakt z HR. Zazwyczaj jest to rozmowa telefoniczna z wybranymi wcze\u015bniej kandydatami.<\/li>\n<li><strong>Zaproszenie na rozmow\u0119<\/strong> kwalifikacyjn\u0105 wybranych kandydat\u00f3w.<\/li>\n<li><strong>Spotkanie rekrutacyjne. <\/strong>Pierwsze spotkanie z kandydatem odbywa si\u0119 zazwyczaj z pracownikiem Dzia\u0142u HR. Ten etap ma na celu dok\u0142adne poznanie dotychczasowego do\u015bwiadczenia zawodowego kandydata, jego osi\u0105gni\u0119\u0107 i plan\u00f3w na przysz\u0142o\u015b\u0107. \u00a0Spotkanie jest r\u00f3wnie\u017c okazj\u0105 dla Ciebie do poznania lepiej naszej organizacji.<\/li>\n<li><strong>Rozmowa z przysz\u0142ym prze\u0142o\u017conym.<\/strong> To ostatnia i zarazem decyduj\u0105ca faza procesu rekrutacji. Po tym etapie zapada decyzja o wy\u0142onieniu osoby spo\u015br\u00f3d wybranych w drodze wcze\u015bniejszej selekcji kandydat\u00f3w.<\/li>\n<li>Z\u0142o\u017cenie oferty pracy, czyli&#8230; <strong>Witamy w zespole!<\/strong><\/li>\n<\/ol>\n<h4 class=\"PFHandbookPro24 PFHandbookPro white\">Sta\u017ce i praktyki:<\/h4>\n<p>Je\u015bli jeste\u015b zainteresowany odbyciem\u00a0<strong>sta\u017cu\/ praktyki<\/strong>\u00a0w naszej firmie prze\u015blij swoj\u0105 aplikacj\u0119 wype\u0142niaj\u0105c <a href=\"https:\/\/system.erecruiter.pl\/FormTemplates\/RecruitmentForm.aspx?WebID=a91c8932339a4dea8c3b5efa0c17ddb7\">formularz aplikacyjny<\/a>.<\/p>\n<h3>PONI\u017bEJ ZNAJDZIESZ AKTUALN\u0104 LIST\u0118 OFERT PRACY W KARMAR S.A.<\/h3>\n<p>Je\u017celi w tym momencie nie dysponujemy interesuj\u0105c\u0105 Ci\u0119 ofert\u0105, masz mo\u017cliwo\u015b\u0107 przes\u0142ania swojej aplikacji do naszej bazy. W tym celu wystarczy wype\u0142ni\u0107\u00a0<a href=\"https:\/\/system.erecruiter.pl\/FormTemplates\/RecruitmentForm.aspx?WebID=566dccc71a2e4a5685a39af88d2413b7\">formularz zawieraj\u0105cy zgody na przetwarzanie danych osobowych<\/a>.\u00a0W przypadku pojawienia si\u0119 potrzeb rekrutacyjnych, do kt\u00f3rych potencjalnie Twoja aplikacja pasuje, wr\u00f3cimy do Ciebie!<\/p>\n<p><script type='text\/javascript' src='https:\/\/skk.erecruiter.pl\/Code.ashx?cfg=a9762aa244b24a898abe78ef196cd6f4'><\/script><\/p>\n","protected":false},"excerpt":{"rendered":"<p>PRACA W DYNAMICZNIE ROZWIJAJ\u0104CEJ SI\u0118 FIRMIE, PE\u0141NEJ CIEKAWYCH WYZWA\u0143 I LUDZI Z PASJ\u0104 Wybieraj\u0105c KARMAR S.A. do\u0142\u0105czysz do grona profesjonalist\u00f3w. Proces rekrutacji: Przes\u0142anie CV. Kandydat wysy\u0142a do nas CV za pomoc\u0105 formularza aplikacyjnego. Nale\u017cy pami\u0119ta\u0107 o zaznaczeniu zgody na przetwarzanie danych osobowych w aktualnym oraz przysz\u0142ych procesach rekrutacyjnych. Analiza i selekcja aplikacji. Wybieramy te najbardziej [&hellip;]<\/p>\n","protected":false},"author":5,"featured_media":940,"parent":0,"menu_order":40,"comment_status":"closed","ping_status":"closed","template":"","meta":[],"class_list":["post-13","page","type-page","status-publish","has-post-thumbnail","hentry"],"_links":{"self":[{"href":"https:\/\/karmar.com.pl\/index.php?rest_route=\/wp\/v2\/pages\/13","targetHints":{"allow":["GET"]}}],"collection":[{"href":"https:\/\/karmar.com.pl\/index.php?rest_route=\/wp\/v2\/pages"}],"about":[{"href":"https:\/\/karmar.com.pl\/index.php?rest_route=\/wp\/v2\/types\/page"}],"author":[{"embeddable":true,"href":"https:\/\/karmar.com.pl\/index.php?rest_route=\/wp\/v2\/users\/5"}],"replies":[{"embeddable":true,"href":"https:\/\/karmar.com.pl\/index.php?rest_route=%2Fwp%2Fv2%2Fcomments&post=13"}],"version-history":[{"count":10,"href":"https:\/\/karmar.com.pl\/index.php?rest_route=\/wp\/v2\/pages\/13\/revisions"}],"predecessor-version":[{"id":1228,"href":"https:\/\/karmar.com.pl\/index.php?rest_route=\/wp\/v2\/pages\/13\/revisions\/1228"}],"wp:featuredmedia":[{"embeddable":true,"href":"https:\/\/karmar.com.pl\/index.php?rest_route=\/wp\/v2\/media\/940"}],"wp:attachment":[{"href":"https:\/\/karmar.com.pl\/index.php?rest_route=%2Fwp%2Fv2%2Fmedia&parent=13"}],"curies":[{"name":"wp","href":"https:\/\/api.w.org\/{rel}","templated":true}]}}